{"id":426,"date":"2021-02-16T11:44:42","date_gmt":"2021-02-16T11:44:42","guid":{"rendered":"https:\/\/demosites.io\/neve-3\/?page_id=46"},"modified":"2026-02-26T11:14:00","modified_gmt":"2026-02-26T09:14:00","slug":"7b3c2-homepage","status":"publish","type":"page","link":"https:\/\/luovatriangeli.fi\/","title":{"rendered":"Etusivu"},"content":{"rendered":"\n<figure class=\"wp-block-image size-full is-resized\"><img loading=\"lazy\" decoding=\"async\" width=\"1563\" height=\"1563\" src=\"https:\/\/luovatriangeli.fi\/wp-content\/uploads\/2024\/05\/luova-triangeli-logo-black-5-5.png\" alt=\"\" class=\"wp-image-695\" style=\"aspect-ratio:1.5;object-fit:cover;width:1170px;height:auto\" srcset=\"https:\/\/luovatriangeli.fi\/wp-content\/uploads\/2024\/05\/luova-triangeli-logo-black-5-5.png 1563w, https:\/\/luovatriangeli.fi\/wp-content\/uploads\/2024\/05\/luova-triangeli-logo-black-5-5-300x300.png 300w, https:\/\/luovatriangeli.fi\/wp-content\/uploads\/2024\/05\/luova-triangeli-logo-black-5-5-1024x1024.png 1024w, https:\/\/luovatriangeli.fi\/wp-content\/uploads\/2024\/05\/luova-triangeli-logo-black-5-5-150x150.png 150w, https:\/\/luovatriangeli.fi\/wp-content\/uploads\/2024\/05\/luova-triangeli-logo-black-5-5-768x768.png 768w, https:\/\/luovatriangeli.fi\/wp-content\/uploads\/2024\/05\/luova-triangeli-logo-black-5-5-1536x1536.png 1536w\" sizes=\"auto, (max-width: 1563px) 100vw, 1563px\" \/><\/figure>\n\n\n\n<h3 class=\"wp-block-heading\">Tutustu toteutuneisiin pilotteihin <a href=\"https:\/\/luovatriangeli.fi\/?page_id=990\" data-type=\"page\" data-id=\"990\">t\u00e4st\u00e4<\/a>.<\/h3>\n\n\n\n<h3 class=\"wp-block-heading\">Lataa residenssiraportti <a href=\"https:\/\/luovatriangeli.fi\/wp-content\/uploads\/2026\/02\/residenssiraportti.pdf\">t\u00e4st\u00e4<\/a>.<\/h3>\n\n\n\n<p><\/p>\n\n\n\n<h2 class=\"wp-block-heading\">Oulu on yhdess\u00e4 39 kumppanikunnan kanssa Euroopan kulttuurip\u00e4\u00e4kaupunki 2026.<\/h2>\n\n\n\n<p>Taiteen ja kulttuurin tekij\u00f6iden, ohjelmapalveluyritysten ja matkailupalveluiden kolminaisuus muodostaa elinkeinoekosysteemin, jonka kehitt\u00e4minen vakiinnuttaa kaikkien tahojen elinkeinotoimintaa ja lis\u00e4\u00e4 alueellista elinvoimaa. Luova Triangeli -toimijoiden kasvun edist\u00e4miseen tarvitaan tukea erityisesti harvaan asutuilla alueilla.<\/p>\n\n\n\n<p>T\u00e4m\u00e4 avaa uusia mahdollisuuksia kehitt\u00e4\u00e4 my\u00f6s maaseudun palveluja sek\u00e4 uudistaa ja monipuolistaa maaseutualueiden taloutta. Maaseutualueiden potentiaalia kulttuuri- ja tapahtumamatkailussa ei ole viel\u00e4 t\u00e4ysin hy\u00f6dynnetty. Taiteilijoiden ja kulttuuritoimijoiden ansaintamallit ovat sirpaleisia. Hankkeessa kehitet\u00e4\u00e4n verkostomainen toimintatapa ja \u2013ymp\u00e4rist\u00f6, jolla em. ongelmaan etsit\u00e4\u00e4n ratkaisua.<\/p>\n\n\n\n<h2 class=\"wp-block-heading\">Eri tahojen koheesio mahdollistaa parempaa ansaintaa, pitempi\u00e4 sesonkijaksoja sek\u00e4 vakiintuneempia alueellisia elinvoimavaikutuksia.<\/h2>\n\n\n\n<p>Hankkeen erityistavoitteena on matkailusesongin pident\u00e4minen tarjoamalla matkailijoille kulttuuriel\u00e4myksi\u00e4 tavanomaisten matkailukohteiden yhteydess\u00e4. Projektissa muotoillaan palveluja, joissa yhdistyv\u00e4t taiteen tekeminen, kulttuurin tuottaminen ja perinteinen matkailuliiketoiminta, kuten majoitus- ja ravintolapalvelut.<\/p>\n\n\n\n<p>Projektissa muotoillaan palveluja, joissa yhdistyv\u00e4t taiteen tekeminen, kulttuurin tuottaminen ja perinteinen matkailuliiketoiminta, kuten majoitus- ja ravintolapalvelut. Hankkeessa on my\u00f6s kansainv\u00e4linen ulottuvuus, jossa hy\u00f6dynnet\u00e4\u00e4n residenssitoiminnan ja majoituspalvelun myyntiportaaleita ja \u2013verkostoja. Hankkeen tavoitteena on kehitt\u00e4\u00e4 em. alojen yritt\u00e4jien ja ammatinharjoittajien, taide- ja muiden kulttuuriyhdistysten ja residenssitoimijoiden sek\u00e4 matkailuyritysten yhteisty\u00f6t\u00e4, henkil\u00f6st\u00f6n koulutusta sek\u00e4 ko. alojen kaupallistamis- ja liiketoimintaosaamista. <\/p>\n\n\n\n<p>Hankkeen p\u00e4\u00e4toteuttaja on Oulun yliopiston Kerttu Saalasti Instituutti. Osatoteuttajina toimivat Kattilakosken kulttuuriosuuskunta, Oulun kulttuuris\u00e4\u00e4ti\u00f6 ja Nivala-Haapaj\u00e4rven seutu NIHAK ry. Hankkeen toteutusalueena on Pohjois-Pohjanmaan kunnat.<\/p>\n\n\n\n<figure class=\"wp-block-gallery has-nested-images columns-default is-cropped wp-block-gallery-1 is-layout-flex wp-block-gallery-is-layout-flex\">\n<figure class=\"wp-block-image size-large\"><img loading=\"lazy\" decoding=\"async\" width=\"1024\" height=\"161\" data-id=\"701\" src=\"https:\/\/luovatriangeli.fi\/wp-content\/uploads\/2024\/05\/Sieppaa-1-1024x161.png\" alt=\"\" class=\"wp-image-701\" srcset=\"https:\/\/luovatriangeli.fi\/wp-content\/uploads\/2024\/05\/Sieppaa-1-1024x161.png 1024w, https:\/\/luovatriangeli.fi\/wp-content\/uploads\/2024\/05\/Sieppaa-1-300x47.png 300w, https:\/\/luovatriangeli.fi\/wp-content\/uploads\/2024\/05\/Sieppaa-1-768x121.png 768w, https:\/\/luovatriangeli.fi\/wp-content\/uploads\/2024\/05\/Sieppaa-1.png 1302w\" sizes=\"auto, (max-width: 1024px) 100vw, 1024px\" \/><\/figure>\n<\/figure>\n\n\n\n<div class=\"wp-block-columns is-layout-flex wp-container-core-columns-is-layout-9d6595d7 wp-block-columns-is-layout-flex\">\n<div class=\"wp-block-column is-vertically-aligned-center is-layout-flow wp-block-column-is-layout-flow\"><\/div>\n<\/div>\n\n\n\n<div class=\"wp-block-buttons is-layout-flex wp-block-buttons-is-layout-flex\">\n\n<\/div>\n","protected":false},"excerpt":{"rendered":"<p>Tutustu toteutuneisiin pilotteihin t\u00e4st\u00e4. Lataa residenssiraportti t\u00e4st\u00e4. Oulu on yhdess\u00e4 39 kumppanikunnan kanssa Euroopan kulttuurip\u00e4\u00e4kaupunki 2026. Taiteen ja kulttuurin tekij\u00f6iden, ohjelmapalveluyritysten ja matkailupalveluiden kolminaisuus muodostaa elinkeinoekosysteemin, jonka kehitt\u00e4minen vakiinnuttaa kaikkien tahojen elinkeinotoimintaa ja lis\u00e4\u00e4 alueellista elinvoimaa. Luova Triangeli -toimijoiden kasvun edist\u00e4miseen tarvitaan tukea erityisesti harvaan asutuilla alueilla. T\u00e4m\u00e4 avaa uusia mahdollisuuksia kehitt\u00e4\u00e4 my\u00f6s maaseudun palveluja&hellip;&nbsp;<a href=\"https:\/\/luovatriangeli.fi\/\" class=\"\" rel=\"bookmark\">Read More &raquo;<span class=\"screen-reader-text\">Etusivu<\/span><\/a><\/p>\n","protected":false},"author":2,"featured_media":0,"parent":0,"menu_order":0,"comment_status":"closed","ping_status":"closed","template":"","meta":{"neve_meta_sidebar":"full-width","neve_meta_container":"contained","neve_meta_enable_content_width":"on","neve_meta_content_width":100,"neve_meta_title_alignment":"","neve_meta_author_avatar":"","neve_post_elements_order":"","neve_meta_disable_header":"","neve_meta_disable_footer":"on","neve_meta_disable_title":"on","footnotes":""},"class_list":["post-426","page","type-page","status-publish","hentry"],"_links":{"self":[{"href":"https:\/\/luovatriangeli.fi\/index.php?rest_route=\/wp\/v2\/pages\/426","targetHints":{"allow":["GET"]}}],"collection":[{"href":"https:\/\/luovatriangeli.fi\/index.php?rest_route=\/wp\/v2\/pages"}],"about":[{"href":"https:\/\/luovatriangeli.fi\/index.php?rest_route=\/wp\/v2\/types\/page"}],"author":[{"embeddable":true,"href":"https:\/\/luovatriangeli.fi\/index.php?rest_route=\/wp\/v2\/users\/2"}],"replies":[{"embeddable":true,"href":"https:\/\/luovatriangeli.fi\/index.php?rest_route=%2Fwp%2Fv2%2Fcomments&post=426"}],"version-history":[{"count":60,"href":"https:\/\/luovatriangeli.fi\/index.php?rest_route=\/wp\/v2\/pages\/426\/revisions"}],"predecessor-version":[{"id":1019,"href":"https:\/\/luovatriangeli.fi\/index.php?rest_route=\/wp\/v2\/pages\/426\/revisions\/1019"}],"wp:attachment":[{"href":"https:\/\/luovatriangeli.fi\/index.php?rest_route=%2Fwp%2Fv2%2Fmedia&parent=426"}],"curies":[{"name":"wp","href":"https:\/\/api.w.org\/{rel}","templated":true}]}}