{"id":503,"date":"2024-05-09T06:06:27","date_gmt":"2024-05-09T03:06:27","guid":{"rendered":"https:\/\/luovatriangeli.fi\/?page_id=503"},"modified":"2024-11-18T13:21:35","modified_gmt":"2024-11-18T11:21:35","slug":"yhteystiedot","status":"publish","type":"page","link":"https:\/\/luovatriangeli.fi\/?page_id=503","title":{"rendered":"Yhteystiedot"},"content":{"rendered":"\n<div class=\"wp-block-columns is-layout-flex wp-container-core-columns-is-layout-9d6595d7 wp-block-columns-is-layout-flex\">\n<div class=\"wp-block-column is-layout-flow wp-block-column-is-layout-flow\">\n<div class=\"wp-block-columns is-layout-flex wp-container-core-columns-is-layout-9d6595d7 wp-block-columns-is-layout-flex\">\n<div class=\"wp-block-column is-layout-flow wp-block-column-is-layout-flow\">\n<figure class=\"wp-block-image size-full is-resized\"><img loading=\"lazy\" decoding=\"async\" width=\"561\" height=\"445\" src=\"https:\/\/luovatriangeli.fi\/wp-content\/uploads\/2024\/05\/JPEGLogo_CMYK__KSI_logo_cmyk_FI-removebg-preview.png\" alt=\"\" class=\"wp-image-653\" style=\"width:151px;height:auto\" srcset=\"https:\/\/luovatriangeli.fi\/wp-content\/uploads\/2024\/05\/JPEGLogo_CMYK__KSI_logo_cmyk_FI-removebg-preview.png 561w, https:\/\/luovatriangeli.fi\/wp-content\/uploads\/2024\/05\/JPEGLogo_CMYK__KSI_logo_cmyk_FI-removebg-preview-300x238.png 300w\" sizes=\"auto, (max-width: 561px) 100vw, 561px\" \/><\/figure>\n\n\n\n<div class=\"wp-block-group is-vertical is-layout-flex wp-container-core-group-is-layout-8cf370e7 wp-block-group-is-layout-flex\">\n<p><strong>Markus Rytinki<\/strong><\/p>\n\n\n\n<p>Projektip\u00e4\u00e4llikk\u00f6<\/p>\n\n\n\n<p>050 466 3952<\/p>\n\n\n\n<p><strong>Markus.Rytinki(a)oulu.fi<\/strong><\/p>\n\n\n\n<p><mark style=\"background-color:rgba(0, 0, 0, 0)\" class=\"has-inline-color has-nv-dark-bg-color\">Oulun yliopisto, Kerttu Saalasti Instituutti, Mikroyritt\u00e4jyyskeskus MicroENTRE<\/mark><\/p>\n\n\n\n<figure class=\"wp-block-gallery has-nested-images columns-default is-cropped wp-block-gallery-1 is-layout-flex wp-block-gallery-is-layout-flex\">\n<figure class=\"wp-block-image size-medium\"><img loading=\"lazy\" decoding=\"async\" width=\"300\" height=\"300\" data-id=\"730\" src=\"https:\/\/luovatriangeli.fi\/wp-content\/uploads\/2024\/06\/4-300x300.jpg\" alt=\"\" class=\"wp-image-730\" srcset=\"https:\/\/luovatriangeli.fi\/wp-content\/uploads\/2024\/06\/4-300x300.jpg 300w, https:\/\/luovatriangeli.fi\/wp-content\/uploads\/2024\/06\/4-150x150.jpg 150w, https:\/\/luovatriangeli.fi\/wp-content\/uploads\/2024\/06\/4-768x768.jpg 768w, https:\/\/luovatriangeli.fi\/wp-content\/uploads\/2024\/06\/4.jpg 1000w\" sizes=\"auto, (max-width: 300px) 100vw, 300px\" \/><\/figure>\n<\/figure>\n\n\n\n<p><br><\/p>\n<\/div>\n<\/div>\n\n\n\n<div class=\"wp-block-column is-layout-flow wp-block-column-is-layout-flow\">\n<figure class=\"wp-block-image size-full is-resized\"><img loading=\"lazy\" decoding=\"async\" width=\"254\" height=\"65\" src=\"https:\/\/luovatriangeli.fi\/wp-content\/uploads\/2024\/06\/image001.png\" alt=\"\" class=\"wp-image-725\" style=\"width:256px;height:auto\"\/><\/figure>\n\n\n\n<div class=\"wp-block-group is-vertical is-layout-flex wp-container-core-group-is-layout-f063d64c wp-block-group-is-layout-flex\" style=\"padding-top:2.6rem;padding-bottom:2.6rem\">\n<div class=\"wp-block-group is-vertical is-layout-flex wp-container-core-group-is-layout-8cf370e7 wp-block-group-is-layout-flex\">\n<p><\/p>\n\n\n\n<p><strong>Ulla Pirkola<\/strong><\/p>\n\n\n\n<p>Viestint\u00e4koordinaattori<\/p>\n\n\n\n<p>040&nbsp;185 3630<\/p>\n\n\n\n<p><strong>ulla.pirkola(a)oulu2026.eu<\/strong><\/p>\n\n\n\n<p><mark style=\"background-color:rgba(0, 0, 0, 0)\" class=\"has-inline-color has-nv-dark-bg-color\">Euroopan kulttuurip\u00e4\u00e4kaupunki, Oulu202<\/mark>6<\/p>\n<\/div>\n<\/div>\n\n\n\n<div class=\"wp-block-group is-vertical is-layout-flex wp-container-core-group-is-layout-8cf370e7 wp-block-group-is-layout-flex\">\n<div class=\"wp-block-group is-vertical is-layout-flex wp-container-core-group-is-layout-8cf370e7 wp-block-group-is-layout-flex\">\n<figure class=\"wp-block-image size-medium is-resized\"><img loading=\"lazy\" decoding=\"async\" width=\"300\" height=\"300\" src=\"https:\/\/luovatriangeli.fi\/wp-content\/uploads\/2024\/06\/3-300x300.jpg\" alt=\"\" class=\"wp-image-729\" style=\"width:298px;height:auto\" srcset=\"https:\/\/luovatriangeli.fi\/wp-content\/uploads\/2024\/06\/3-300x300.jpg 300w, https:\/\/luovatriangeli.fi\/wp-content\/uploads\/2024\/06\/3-150x150.jpg 150w, https:\/\/luovatriangeli.fi\/wp-content\/uploads\/2024\/06\/3-768x768.jpg 768w, https:\/\/luovatriangeli.fi\/wp-content\/uploads\/2024\/06\/3.jpg 1000w\" sizes=\"auto, (max-width: 300px) 100vw, 300px\" \/><\/figure>\n\n\n\n<div class=\"wp-block-group is-nowrap is-layout-flex wp-container-core-group-is-layout-ad2f72ca wp-block-group-is-layout-flex\">\n<div class=\"wp-block-columns is-layout-flex wp-container-core-columns-is-layout-9d6595d7 wp-block-columns-is-layout-flex\">\n<div class=\"wp-block-column is-layout-flow wp-block-column-is-layout-flow\"><\/div>\n<\/div>\n<\/div>\n\n\n\n<figure class=\"wp-block-gallery has-nested-images columns-default is-cropped wp-block-gallery-2 is-layout-flex wp-block-gallery-is-layout-flex\"><\/figure>\n\n\n\n<p><br><\/p>\n<\/div>\n<\/div>\n<\/div>\n<\/div>\n\n\n\n<div class=\"wp-block-columns is-layout-flex wp-container-core-columns-is-layout-9d6595d7 wp-block-columns-is-layout-flex\">\n<div class=\"wp-block-column is-layout-flow wp-block-column-is-layout-flow\">\n<figure class=\"wp-block-image size-full is-resized\"><img loading=\"lazy\" decoding=\"async\" width=\"262\" height=\"82\" src=\"https:\/\/luovatriangeli.fi\/wp-content\/uploads\/2024\/05\/image-4-edited.png\" alt=\"\" class=\"wp-image-670\" style=\"width:275px;height:auto\"\/><\/figure>\n\n\n\n<div class=\"wp-block-group is-vertical is-layout-flex wp-container-core-group-is-layout-8cf370e7 wp-block-group-is-layout-flex\">\n<div class=\"wp-block-group is-vertical is-layout-flex wp-container-core-group-is-layout-8cf370e7 wp-block-group-is-layout-flex\">\n<p><strong><strong>Risto M\u00e4kel\u00e4inen<\/strong><\/strong><\/p>\n\n\n\n<p>Toiminnanjohtaja<\/p>\n\n\n\n<p>040 1476107<\/p>\n\n\n\n<p><strong>kattilakoski.osuuskunta(a)gmail.com<\/strong><\/p>\n\n\n\n<p>Kattilakosken Kulttuuriosuuskunta<\/p>\n\n\n\n<figure class=\"wp-block-gallery has-nested-images columns-default is-cropped wp-block-gallery-3 is-layout-flex wp-block-gallery-is-layout-flex\">\n<figure class=\"wp-block-image size-medium\"><img loading=\"lazy\" decoding=\"async\" width=\"300\" height=\"300\" data-id=\"727\" src=\"https:\/\/luovatriangeli.fi\/wp-content\/uploads\/2024\/06\/1-300x300.jpg\" alt=\"\" class=\"wp-image-727\" srcset=\"https:\/\/luovatriangeli.fi\/wp-content\/uploads\/2024\/06\/1-300x300.jpg 300w, https:\/\/luovatriangeli.fi\/wp-content\/uploads\/2024\/06\/1-150x150.jpg 150w, https:\/\/luovatriangeli.fi\/wp-content\/uploads\/2024\/06\/1-768x768.jpg 768w, https:\/\/luovatriangeli.fi\/wp-content\/uploads\/2024\/06\/1.jpg 1000w\" sizes=\"auto, (max-width: 300px) 100vw, 300px\" \/><\/figure>\n<\/figure>\n\n\n\n<p><br><\/p>\n<\/div>\n<\/div>\n<\/div>\n\n\n\n<div class=\"wp-block-column is-layout-flow wp-block-column-is-layout-flow\">\n<figure class=\"wp-block-image size-full is-resized\"><img loading=\"lazy\" decoding=\"async\" width=\"159\" height=\"98\" src=\"https:\/\/luovatriangeli.fi\/wp-content\/uploads\/2024\/06\/Nayttokuva-2024-06-05-115809.png\" alt=\"\" class=\"wp-image-733\" style=\"width:146px;height:auto\"\/><\/figure>\n\n\n\n<div class=\"wp-block-group is-vertical is-layout-flex wp-container-core-group-is-layout-8cf370e7 wp-block-group-is-layout-flex\">\n<div class=\"wp-block-group is-vertical is-layout-flex wp-container-core-group-is-layout-8cf370e7 wp-block-group-is-layout-flex\">\n<p><strong>Taneli Linna<\/strong><\/p>\n\n\n\n<p>Viestint\u00e4asiantuntija<\/p>\n\n\n\n<p>050 338 6573<\/p>\n\n\n\n<p><strong>taneli.linna(a)nihak.fi<\/strong><\/p>\n\n\n\n<p><mark style=\"background-color:rgba(0, 0, 0, 0)\" class=\"has-inline-color has-nv-dark-bg-color\">Nihak Kehitysyhti\u00f6<\/mark><\/p>\n\n\n\n<figure class=\"wp-block-gallery has-nested-images columns-default is-cropped wp-block-gallery-4 is-layout-flex wp-block-gallery-is-layout-flex\">\n<figure class=\"wp-block-image size-medium\"><img loading=\"lazy\" decoding=\"async\" width=\"300\" height=\"300\" data-id=\"973\" src=\"https:\/\/luovatriangeli.fi\/wp-content\/uploads\/2024\/11\/Taneli-300x300.jpg\" alt=\"\" class=\"wp-image-973\" srcset=\"https:\/\/luovatriangeli.fi\/wp-content\/uploads\/2024\/11\/Taneli-300x300.jpg 300w, https:\/\/luovatriangeli.fi\/wp-content\/uploads\/2024\/11\/Taneli-100x100.jpg 100w, https:\/\/luovatriangeli.fi\/wp-content\/uploads\/2024\/11\/Taneli-768x768.jpg 768w, https:\/\/luovatriangeli.fi\/wp-content\/uploads\/2024\/11\/Taneli.jpg 1020w\" sizes=\"auto, (max-width: 300px) 100vw, 300px\" \/><\/figure>\n<\/figure>\n\n\n\n<p><br><\/p>\n<\/div>\n<\/div>\n<\/div>\n<\/div>\n<\/div>\n<\/div>\n\n\n\n<p style=\"padding-top:0;padding-bottom:0\"><\/p>\n\n\n\n<figure class=\"wp-block-gallery has-nested-images columns-default is-cropped wp-block-gallery-5 is-layout-flex wp-block-gallery-is-layout-flex\">\n<figure class=\"wp-block-image size-large\"><img loading=\"lazy\" decoding=\"async\" width=\"1024\" height=\"161\" data-id=\"701\" src=\"https:\/\/luovatriangeli.fi\/wp-content\/uploads\/2024\/05\/Sieppaa-1-1024x161.png\" alt=\"\" class=\"wp-image-701\" srcset=\"https:\/\/luovatriangeli.fi\/wp-content\/uploads\/2024\/05\/Sieppaa-1-1024x161.png 1024w, https:\/\/luovatriangeli.fi\/wp-content\/uploads\/2024\/05\/Sieppaa-1-300x47.png 300w, https:\/\/luovatriangeli.fi\/wp-content\/uploads\/2024\/05\/Sieppaa-1-768x121.png 768w, https:\/\/luovatriangeli.fi\/wp-content\/uploads\/2024\/05\/Sieppaa-1.png 1302w\" sizes=\"auto, (max-width: 1024px) 100vw, 1024px\" \/><\/figure>\n<\/figure>\n","protected":false},"excerpt":{"rendered":"<p>Markus Rytinki Projektip\u00e4\u00e4llikk\u00f6 050 466 3952 Markus.Rytinki(a)oulu.fi Oulun yliopisto, Kerttu Saalasti Instituutti, Mikroyritt\u00e4jyyskeskus MicroENTRE Ulla Pirkola Viestint\u00e4koordinaattori 040&nbsp;185 3630 ulla.pirkola(a)oulu2026.eu Euroopan kulttuurip\u00e4\u00e4kaupunki, Oulu2026 Risto M\u00e4kel\u00e4inen Toiminnanjohtaja 040 1476107 kattilakoski.osuuskunta(a)gmail.com Kattilakosken Kulttuuriosuuskunta Taneli Linna Viestint\u00e4asiantuntija 050 338 6573 taneli.linna(a)nihak.fi Nihak Kehitysyhti\u00f6<\/p>\n","protected":false},"author":2,"featured_media":0,"parent":0,"menu_order":0,"comment_status":"closed","ping_status":"closed","template":"","meta":{"neve_meta_sidebar":"","neve_meta_container":"","neve_meta_enable_content_width":"","neve_meta_content_width":0,"neve_meta_title_alignment":"","neve_meta_author_avatar":"","neve_post_elements_order":"","neve_meta_disable_header":"","neve_meta_disable_footer":"on","neve_meta_disable_title":"","footnotes":""},"class_list":["post-503","page","type-page","status-publish","hentry"],"_links":{"self":[{"href":"https:\/\/luovatriangeli.fi\/index.php?rest_route=\/wp\/v2\/pages\/503","targetHints":{"allow":["GET"]}}],"collection":[{"href":"https:\/\/luovatriangeli.fi\/index.php?rest_route=\/wp\/v2\/pages"}],"about":[{"href":"https:\/\/luovatriangeli.fi\/index.php?rest_route=\/wp\/v2\/types\/page"}],"author":[{"embeddable":true,"href":"https:\/\/luovatriangeli.fi\/index.php?rest_route=\/wp\/v2\/users\/2"}],"replies":[{"embeddable":true,"href":"https:\/\/luovatriangeli.fi\/index.php?rest_route=%2Fwp%2Fv2%2Fcomments&post=503"}],"version-history":[{"count":47,"href":"https:\/\/luovatriangeli.fi\/index.php?rest_route=\/wp\/v2\/pages\/503\/revisions"}],"predecessor-version":[{"id":974,"href":"https:\/\/luovatriangeli.fi\/index.php?rest_route=\/wp\/v2\/pages\/503\/revisions\/974"}],"wp:attachment":[{"href":"https:\/\/luovatriangeli.fi\/index.php?rest_route=%2Fwp%2Fv2%2Fmedia&parent=503"}],"curies":[{"name":"wp","href":"https:\/\/api.w.org\/{rel}","templated":true}]}}