{"id":685,"date":"2024-05-21T12:50:01","date_gmt":"2024-05-21T09:50:01","guid":{"rendered":"https:\/\/luovatriangeli.fi\/?page_id=685"},"modified":"2024-08-28T22:25:02","modified_gmt":"2024-08-28T19:25:02","slug":"tapahtumat-2","status":"publish","type":"page","link":"https:\/\/luovatriangeli.fi\/?page_id=685","title":{"rendered":"Tapahtumat"},"content":{"rendered":"\n<p>Haluatko nostaa yrityksesi seuraavalle tasolle kulttuurin ja matkailun alalla? Luova Triangeli -hanke tarjoaa siihen ratkaisuja! Meid\u00e4n avulla voit luoda kest\u00e4v\u00e4\u00e4 liiketoimintaa kulttuurin ja matkailun kohtaamispaikassa. Tule mukaan Luovaan Triangeliin ja menesty kulttuurimatkailun maailmassa! Hankkeessa j\u00e4rjestet\u00e4\u00e4n aiheeseen liittyvi\u00e4 ty\u00f6pajoja, verkostoitumistapahtumia ja koulutuksia. Lis\u00e4ksi toteutamme kulttuurimatkailun pilotteja, jotka tarjoavat k\u00e4yt\u00e4nn\u00f6n kokemusta ja mahdollisuuden testata uusia ideoita. Liity mukaan ja hy\u00f6dynn\u00e4 monipuoliset mahdollisuudet kehitt\u00e4\u00e4 liiketoimintaasi!<\/p>\n\n\n\n<p><\/p>\n\n\n\n<p style=\"font-size:25px\"><strong>M<\/strong><strong>atkailu- ja kulttuurialan toimijoiden verkostoitumistilaisuus Oulussa 4. syyskuuta!<\/strong><\/p>\n\n\n\n<p>Nyt on mahdollisuus tulla mukaan rakentamaan tulevaisuuden menestystarinoita! J\u00e4rjest\u00e4mme kaikille matkailu- ja kulttuurialan ammattilaisille avoimen ja ilmaisen tilaisuuden Oulussa. Tule mukaan verkostoitumaan, tutustumaan, inspiroitumaan ja l\u00f6yt\u00e4m\u00e4\u00e4n uusia yhteisty\u00f6kumppaneita. Tapahtumaan ovat tervetulleita kaikki Oulu2026-alueen matkailu- ja kulttuurialan toimijat.<\/p>\n\n\n\n<p>MILLOIN: keskiviikkona 4.9.2024 kello 16.00-18.00<\/p>\n\n\n\n<p>MISS\u00c4: Oulun keskustan Technopolis, MIN by Technopolis -ravintolassa<\/p>\n\n\n\n<p>Varmista paikkasi \u2013 ilmoittaudu viimeist\u00e4\u00e4n 30.8.!<\/p>\n\n\n\n<p>Lis\u00e4\u00e4 tietoa ja ilmoittautumiset:<\/p>\n\n\n\n<p class=\"has-text-color has-link-color wp-elements-6150809a96ab01a02f099427c4bdd430\" style=\"color:#6c6cfb\"><a href=\"https:\/\/tapahtumat.businessoulu.com\/fi-FI\/page\/667a91a9a7bf8b17563b7fcf?count=24&amp;sort=creationDate&amp;reverse=true\" target=\"_blank\" rel=\"noreferrer noopener\">Matkailu- ja kulttuuritoimijoiden verkostoitumistilaisuus (businessoulu.com)<\/a><\/p>\n\n\n\n<p>Tilaisuuden j\u00e4rjest\u00e4\u00e4 yhteisty\u00f6ss\u00e4 BusinessOulun \u00c4lyk\u00e4s ja uudistava matkailu Oulun seudulla<\/p>\n\n\n\n<p>-hanke ja Oulun Yliopiston Kerttu Saalasti Instituutin, Oulun kulttuuris\u00e4\u00e4ti\u00f6n, Kattilakosken kulttuuriosuuskunnan ja NIHAK ry:n Luova Triangeli -hanke.<\/p>\n\n\n\n<p class=\"has-text-color has-link-color wp-elements-928eb2b84a1fdb11b76dc82f0ab167cb\" style=\"color:#000000\">PS. Tapahtuman j\u00e4lkeen Oulun keskustassa k\u00e4ynniss\u00e4 oleva herkullinen Makuseikkailu odottaa sinua! Arctic Food Labin Makuseikkailussa ravintolat ja kahvilat kilpailevat 2.-7.9. Oulussa ja Kuusamossa luodakseen kaupungin maistuvimmat annokset. <\/p>\n\n\n\n<p class=\"has-text-color has-link-color wp-elements-ce703dc59dfe24b4644b1a0359e168f6\" style=\"color:#000000\">Lue lis\u00e4\u00e4:<\/p>\n\n\n\n<p class=\"has-text-color has-link-color wp-elements-ef9126b3494bbe986840883c65ae9acb\" style=\"color:#6c6cfb\">&nbsp;<a href=\"https:\/\/oulu2026.eu\/makuseikkailu\/\" target=\"_blank\" rel=\"noreferrer noopener\">Makuseikkailu 2024 | Ymp\u00e4ri menn\u00e4\u00e4n, yhdess\u00e4 sy\u00f6d\u00e4\u00e4n (oulu2026.eu)<\/a><\/p>\n\n\n\n<figure class=\"wp-block-image size-full is-resized\"><img loading=\"lazy\" decoding=\"async\" width=\"1366\" height=\"768\" src=\"https:\/\/luovatriangeli.fi\/wp-content\/uploads\/2024\/08\/Matkailujakulttuuri04092024.jpg\" alt=\"\" class=\"wp-image-888\" style=\"width:743px;height:auto\" srcset=\"https:\/\/luovatriangeli.fi\/wp-content\/uploads\/2024\/08\/Matkailujakulttuuri04092024.jpg 1366w, https:\/\/luovatriangeli.fi\/wp-content\/uploads\/2024\/08\/Matkailujakulttuuri04092024-300x169.jpg 300w, https:\/\/luovatriangeli.fi\/wp-content\/uploads\/2024\/08\/Matkailujakulttuuri04092024-1024x576.jpg 1024w, https:\/\/luovatriangeli.fi\/wp-content\/uploads\/2024\/08\/Matkailujakulttuuri04092024-768x432.jpg 768w\" sizes=\"auto, (max-width: 1366px) 100vw, 1366px\" \/><\/figure>\n\n\n\n<figure class=\"wp-block-image size-full\"><img loading=\"lazy\" decoding=\"async\" width=\"615\" height=\"867\" src=\"https:\/\/luovatriangeli.fi\/wp-content\/uploads\/2024\/05\/posteri-1.png\" alt=\"\" class=\"wp-image-692\" srcset=\"https:\/\/luovatriangeli.fi\/wp-content\/uploads\/2024\/05\/posteri-1.png 615w, https:\/\/luovatriangeli.fi\/wp-content\/uploads\/2024\/05\/posteri-1-213x300.png 213w\" sizes=\"auto, (max-width: 615px) 100vw, 615px\" \/><\/figure>\n\n\n\n<figure class=\"wp-block-gallery has-nested-images columns-default is-cropped wp-block-gallery-1 is-layout-flex wp-block-gallery-is-layout-flex\"><\/figure>\n\n\n\n<figure class=\"wp-block-image size-full is-resized\"><img loading=\"lazy\" decoding=\"async\" width=\"1131\" height=\"1600\" src=\"https:\/\/luovatriangeli.fi\/wp-content\/uploads\/2024\/07\/Festari-juliste.jpg\" alt=\"\" class=\"wp-image-870\" style=\"width:671px;height:auto\" srcset=\"https:\/\/luovatriangeli.fi\/wp-content\/uploads\/2024\/07\/Festari-juliste.jpg 1131w, https:\/\/luovatriangeli.fi\/wp-content\/uploads\/2024\/07\/Festari-juliste-212x300.jpg 212w, https:\/\/luovatriangeli.fi\/wp-content\/uploads\/2024\/07\/Festari-juliste-724x1024.jpg 724w, https:\/\/luovatriangeli.fi\/wp-content\/uploads\/2024\/07\/Festari-juliste-768x1086.jpg 768w, https:\/\/luovatriangeli.fi\/wp-content\/uploads\/2024\/07\/Festari-juliste-1086x1536.jpg 1086w\" sizes=\"auto, (max-width: 1131px) 100vw, 1131px\" \/><\/figure>\n\n\n\n<figure class=\"wp-block-gallery has-nested-images columns-default is-cropped wp-block-gallery-2 is-layout-flex wp-block-gallery-is-layout-flex\">\n<figure class=\"wp-block-image size-large\"><img loading=\"lazy\" decoding=\"async\" width=\"722\" height=\"1024\" data-id=\"738\" src=\"https:\/\/luovatriangeli.fi\/wp-content\/uploads\/2024\/06\/IMG-20240513-WA0001-722x1024.jpg\" alt=\"\" class=\"wp-image-738\" srcset=\"https:\/\/luovatriangeli.fi\/wp-content\/uploads\/2024\/06\/IMG-20240513-WA0001-722x1024.jpg 722w, https:\/\/luovatriangeli.fi\/wp-content\/uploads\/2024\/06\/IMG-20240513-WA0001-212x300.jpg 212w, https:\/\/luovatriangeli.fi\/wp-content\/uploads\/2024\/06\/IMG-20240513-WA0001-768x1089.jpg 768w, https:\/\/luovatriangeli.fi\/wp-content\/uploads\/2024\/06\/IMG-20240513-WA0001.jpg 1080w\" sizes=\"auto, (max-width: 722px) 100vw, 722px\" \/><\/figure>\n\n\n\n<figure class=\"wp-block-image size-large\"><img loading=\"lazy\" decoding=\"async\" width=\"721\" height=\"1024\" data-id=\"739\" src=\"https:\/\/luovatriangeli.fi\/wp-content\/uploads\/2024\/06\/GUTS-juliste-aukioloajoilla-A5-721x1024.jpg\" alt=\"\" class=\"wp-image-739\" srcset=\"https:\/\/luovatriangeli.fi\/wp-content\/uploads\/2024\/06\/GUTS-juliste-aukioloajoilla-A5-721x1024.jpg 721w, https:\/\/luovatriangeli.fi\/wp-content\/uploads\/2024\/06\/GUTS-juliste-aukioloajoilla-A5-211x300.jpg 211w, https:\/\/luovatriangeli.fi\/wp-content\/uploads\/2024\/06\/GUTS-juliste-aukioloajoilla-A5-768x1090.jpg 768w, https:\/\/luovatriangeli.fi\/wp-content\/uploads\/2024\/06\/GUTS-juliste-aukioloajoilla-A5-1082x1536.jpg 1082w, https:\/\/luovatriangeli.fi\/wp-content\/uploads\/2024\/06\/GUTS-juliste-aukioloajoilla-A5.jpg 1409w\" sizes=\"auto, (max-width: 721px) 100vw, 721px\" \/><\/figure>\n<\/figure>\n\n\n\n<figure class=\"wp-block-gallery has-nested-images columns-default is-cropped wp-block-gallery-3 is-layout-flex wp-block-gallery-is-layout-flex\">\n<figure class=\"wp-block-image size-large\"><img loading=\"lazy\" decoding=\"async\" width=\"1024\" height=\"161\" data-id=\"701\" src=\"https:\/\/luovatriangeli.fi\/wp-content\/uploads\/2024\/05\/Sieppaa-1-1024x161.png\" alt=\"\" class=\"wp-image-701\" srcset=\"https:\/\/luovatriangeli.fi\/wp-content\/uploads\/2024\/05\/Sieppaa-1-1024x161.png 1024w, https:\/\/luovatriangeli.fi\/wp-content\/uploads\/2024\/05\/Sieppaa-1-300x47.png 300w, https:\/\/luovatriangeli.fi\/wp-content\/uploads\/2024\/05\/Sieppaa-1-768x121.png 768w, https:\/\/luovatriangeli.fi\/wp-content\/uploads\/2024\/05\/Sieppaa-1.png 1302w\" sizes=\"auto, (max-width: 1024px) 100vw, 1024px\" \/><\/figure>\n<\/figure>\n","protected":false},"excerpt":{"rendered":"<p>Haluatko nostaa yrityksesi seuraavalle tasolle kulttuurin ja matkailun alalla? Luova Triangeli -hanke tarjoaa siihen ratkaisuja! Meid\u00e4n avulla voit luoda kest\u00e4v\u00e4\u00e4 liiketoimintaa kulttuurin ja matkailun kohtaamispaikassa. Tule mukaan Luovaan Triangeliin ja menesty kulttuurimatkailun maailmassa! Hankkeessa j\u00e4rjestet\u00e4\u00e4n aiheeseen liittyvi\u00e4 ty\u00f6pajoja, verkostoitumistapahtumia ja koulutuksia. Lis\u00e4ksi toteutamme kulttuurimatkailun pilotteja, jotka tarjoavat k\u00e4yt\u00e4nn\u00f6n kokemusta ja mahdollisuuden testata uusia ideoita. Liity&hellip;&nbsp;<a href=\"https:\/\/luovatriangeli.fi\/?page_id=685\" class=\"\" rel=\"bookmark\">Read More &raquo;<span class=\"screen-reader-text\">Tapahtumat<\/span><\/a><\/p>\n","protected":false},"author":2,"featured_media":0,"parent":0,"menu_order":0,"comment_status":"closed","ping_status":"closed","template":"","meta":{"neve_meta_sidebar":"","neve_meta_container":"","neve_meta_enable_content_width":"","neve_meta_content_width":0,"neve_meta_title_alignment":"","neve_meta_author_avatar":"","neve_post_elements_order":"","neve_meta_disable_header":"","neve_meta_disable_footer":"on","neve_meta_disable_title":"","footnotes":""},"class_list":["post-685","page","type-page","status-publish","hentry"],"_links":{"self":[{"href":"https:\/\/luovatriangeli.fi\/index.php?rest_route=\/wp\/v2\/pages\/685","targetHints":{"allow":["GET"]}}],"collection":[{"href":"https:\/\/luovatriangeli.fi\/index.php?rest_route=\/wp\/v2\/pages"}],"about":[{"href":"https:\/\/luovatriangeli.fi\/index.php?rest_route=\/wp\/v2\/types\/page"}],"author":[{"embeddable":true,"href":"https:\/\/luovatriangeli.fi\/index.php?rest_route=\/wp\/v2\/users\/2"}],"replies":[{"embeddable":true,"href":"https:\/\/luovatriangeli.fi\/index.php?rest_route=%2Fwp%2Fv2%2Fcomments&post=685"}],"version-history":[{"count":15,"href":"https:\/\/luovatriangeli.fi\/index.php?rest_route=\/wp\/v2\/pages\/685\/revisions"}],"predecessor-version":[{"id":890,"href":"https:\/\/luovatriangeli.fi\/index.php?rest_route=\/wp\/v2\/pages\/685\/revisions\/890"}],"wp:attachment":[{"href":"https:\/\/luovatriangeli.fi\/index.php?rest_route=%2Fwp%2Fv2%2Fmedia&parent=685"}],"curies":[{"name":"wp","href":"https:\/\/api.w.org\/{rel}","templated":true}]}}