{"id":990,"date":"2026-02-05T09:55:04","date_gmt":"2026-02-05T07:55:04","guid":{"rendered":"https:\/\/luovatriangeli.fi\/?page_id=990"},"modified":"2026-02-09T15:25:00","modified_gmt":"2026-02-09T13:25:00","slug":"pilotit-2","status":"publish","type":"page","link":"https:\/\/luovatriangeli.fi\/?page_id=990","title":{"rendered":"Pilotit"},"content":{"rendered":"\n<p>Hankkeessa j\u00e4rjestettiin useita kulttuurimatkailun matalan kynnyksen pilotteja, joissa kulttuurin tekij\u00e4t ja paikalliset yritykset saivat kokeilla matkailua, liiketoimintaa ja kulttuurisis\u00e4lt\u00f6j\u00e4 edist\u00e4v\u00e4\u00e4 yhteistoimintaa.<\/p>\n\n\n\n<p><strong><a href=\"https:\/\/luovatriangeli.fi\/Downloads\/LT_pilottiraportti.pdf\">Lataa pilottiraportti t\u00e4st\u00e4<\/a><\/strong><\/p>\n\n\n<div id=\"wp_osm_\" class=\"wp_osm\" style=\"width: 75%; height: 700px\" data-lon=\"9593180\" data-lat=\"2951950\" data-zoom=\"7\">\r\n\r\n\t<div class=\"ol-popup\">\r\n\r\n\t    <a href=\"#\" class=\"ol-popup-closer\"><\/a>\r\n\r\n\t    <div class=\"popup-content\"><\/div>\r\n\r\n\t<\/div>\r\n\r\n\t<div class=\"marker\" data-icon=\"https:\/\/luovatriangeli.fi\/wp-content\/plugins\/wp-open-street-map\/images\/markers\/marker.png\" data-lon=\"2796680\" data-lat=\"9454640\" data-name=\"Etymologinen katutaidepaja\" data-description=\"J\u00e4rjest\u00e4j\u00e4t: Lyhde ry, KAS! Kontula Art School, Yhteis\u00f6taiteilija Heidi&lt;br \/&gt;\r\nH\u00e4nninen.&lt;br \/&gt;\r\n&lt;br \/&gt;\r\nTy\u00f6pajan tavoitteena oli her\u00e4tt\u00e4\u00e4 alueen nuorten kiinnostus omaan&lt;br \/&gt;\r\nelinymp\u00e4rist\u00f6\u00f6ns\u00e4, paikalliseen historiaan ja nimist\u00f6n etymologiaan.\"><\/div><div class=\"marker\" data-icon=\"https:\/\/luovatriangeli.fi\/wp-content\/plugins\/wp-open-street-map\/images\/markers\/marker.png\" data-lon=\"2850480\" data-lat=\"9688060\" data-name=\"Opastettu porotilavierailu\" data-description=\"J\u00e4rjest\u00e4j\u00e4t: Porotila Jussila, Tonttu T\u00e4rm\u00f6n&lt;br \/&gt;\r\nPaja Oy, retken opas sek\u00e4 Lucina Education Oy, markkinoija ja tulkki.&lt;br \/&gt;\r\nKoeryhm\u00e4 koostui Oulun yliopiston kansainv\u00e4lisist\u00e4 opiskelijoista.\"><\/div><div class=\"marker\" data-icon=\"https:\/\/luovatriangeli.fi\/wp-content\/plugins\/wp-open-street-map\/images\/markers\/marker.png\" data-lon=\"2874040\" data-lat=\"9610800\" data-name=\"Opastukset Sanginjoen luonnonsuojelualueella\" data-description=\"J\u00e4rjest\u00e4j\u00e4t: Oulun seudun oppaat ry, Naturest Oy ja Loppulan luontokahvila, Maaseudun Sivistysliitto Sanginkontutaiderastit.\"><\/div><div class=\"marker\" data-icon=\"https:\/\/luovatriangeli.fi\/wp-content\/plugins\/wp-open-street-map\/images\/markers\/marker.png\" data-lon=\"2899760\" data-lat=\"9355100\" data-name=\"Savisel\u00e4n luova leiri\" data-description=\"J\u00e4rjest\u00e4j\u00e4t: K\u00e4rs\u00e4m\u00e4en El\u00e4keliitto, Taiteilija Juho Yli-Posso ja Toimintakeskus Rantap\u00e4\u00e4sky.&lt;br \/&gt;\r\n&lt;br \/&gt;\r\nTarkoituksena oli l\u00f6yt\u00e4\u00e4 uutta toimintaa viime kev\u00e4\u00e4n\u00e4 lakkautetulle&lt;br \/&gt;\r\nkyl\u00e4koululle.\"><\/div><div class=\"marker\" data-icon=\"https:\/\/luovatriangeli.fi\/wp-content\/plugins\/wp-open-street-map\/images\/markers\/marker.png\" data-lon=\"2883420\" data-lat=\"9265150\" data-name=\"Kulttuuribrunssi\" data-description=\"J\u00e4rjest\u00e4j\u00e4t: Villa Hymy, Katja R\u00f6nk\u00e4 ja muusikko Jasso Per\u00e4l\u00e4.&lt;br \/&gt;\r\n&lt;br \/&gt;\r\nEl\u00e4myshetki hyv\u00e4n ruuan ja taidokkaan musiikin \u00e4\u00e4rell\u00e4 oli t\u00e4ydellinen irtiotto arjesta joka sai k\u00e4vij\u00e4t herkistym\u00e4\u00e4n.\"><\/div><div class=\"marker\" data-icon=\"https:\/\/luovatriangeli.fi\/wp-content\/plugins\/wp-open-street-map\/images\/markers\/marker.png\" data-lon=\"2892230\" data-lat=\"9269530\" data-name=\"Koko kaupungin vappu\" data-description=\"Tavoitteena oli luoda koko&lt;br \/&gt;\r\nkaupungin yhteinen, vuosittain toistuva perinne, joka yhdist\u00e4\u00e4 eri-ik\u00e4iset ja -&lt;br \/&gt;\r\ntaustaiset ihmiset, aktivoi&lt;br \/&gt;\r\npaikallisia toimijoita ja&lt;br \/&gt;\r\nvahvistaa yhteis\u00f6llisyytt\u00e4 sek\u00e4 kulttuuritarjontaa.\"><\/div><div class=\"marker\" data-icon=\"https:\/\/luovatriangeli.fi\/wp-content\/plugins\/wp-open-street-map\/images\/markers\/marker.png\" data-lon=\"2917600\" data-lat=\"9338010\" data-name=\"Keinukallion avajaiset ja mets\u00e4k\u00e4mpp\u00e4 Er\u00e4ikkunan a\" data-description=\"J\u00e4rjest\u00e4j\u00e4t: Syd\u00e4nmaankyl\u00e4n Kyl\u00e4yhdistys ry, K\u00e4rs\u00e4m\u00e4en Maa- ja Kotitalousseura sek\u00e4 Raudaskosket. &lt;br \/&gt;\r\n&lt;br \/&gt;\r\nKeinukalliolla oli kyl\u00e4seuran puheenjohtaja&lt;br \/&gt;\r\nesittelem\u00e4ss\u00e4 kohdetta ja kertomassa tarinaa Keinukallion taustalta.\"><\/div><div class=\"marker\" data-icon=\"https:\/\/luovatriangeli.fi\/wp-content\/plugins\/wp-open-street-map\/images\/markers\/marker.png\" data-lon=\"3245580\" data-lat=\"9923330\" data-name=\"Solstice Sauna Experiment\" data-description=\"J\u00e4rjest\u00e4j\u00e4: Solstice Festival&lt;br \/&gt;\r\nYhteisty\u00f6ss\u00e4: Base Eat &amp; Heat, Karhu sek\u00e4 Ateljee Aurinko.&lt;br \/&gt;\r\n&lt;br \/&gt;\r\nPilotti toteutettiin juhannuksena 2025 Rukalla osana Solstice Festivalia.\"><\/div><div class=\"marker\" data-icon=\"https:\/\/luovatriangeli.fi\/wp-content\/plugins\/wp-open-street-map\/images\/markers\/marker.png\" data-lon=\"2785710\" data-lat=\"9325540\" data-name=\"Nivala Summer Open\" data-description=\"J\u00e4rjest\u00e4j\u00e4t: V\u00e4likyl\u00e4n Vauhti &amp; Luisto ry (VVL ry),&lt;br \/&gt;\r\nKonttiburger, Crazyland.&lt;br \/&gt;\r\n&lt;br \/&gt;\r\nTapahtuman tavoitteena oli j\u00e4rjest\u00e4\u00e4 koko perheen tapahtuma, joka yhdist\u00e4\u00e4 lapsiperheille suunnatun ohjelman ja aikuisille suunnatun musiikkisis\u00e4ll\u00f6n.\"><\/div><div class=\"marker\" data-icon=\"https:\/\/luovatriangeli.fi\/wp-content\/plugins\/wp-open-street-map\/images\/markers\/marker.png\" data-lon=\"2818910\" data-lat=\"9605770\" data-name=\"Warjakan taidekyl\u00e4\" data-description=\"J\u00e4rjest\u00e4j\u00e4: TaikaBox ry, Satamakahvila Hulina, kansamusiikkiyhtye R\u00e4ll\u00e4 ja muusikko Osmo Hakasalo.&lt;br \/&gt;\r\n&lt;br \/&gt;\r\nPilotin tavoitteena oli lis\u00e4t\u00e4 alueen elinvoimaa ja kulttuurimatkailua sek\u00e4&lt;br \/&gt;\r\nvahvistaa paikallista yhteisty\u00f6t\u00e4.\"><\/div><div class=\"marker\" data-icon=\"https:\/\/luovatriangeli.fi\/wp-content\/plugins\/wp-open-street-map\/images\/markers\/marker.png\" data-lon=\"2867200\" data-lat=\"9344380\" data-name=\"K\u00e4rs\u00e4m\u00e4en kekrijuhla\" data-description=\"J\u00e4rjest\u00e4j\u00e4: K\u00e4rs\u00e4m\u00e4en Maa- ja Kotitalousseura.&lt;br \/&gt;\r\n&lt;br \/&gt;\r\nUsean yhteisty\u00f6kumppanin kanssa toteutettu kansanjuhla, jossa hampurilaiset ja muurinpohjaletut k\u00e4viv\u00e4t kaupaksi, lastenohjelma l\u00f6ysi yleis\u00f6ns\u00e4, ja j\u00e4rjest\u00f6jen yhteisty\u00f6 toimi mallikkaasti.\"><\/div><div class=\"marker\" data-icon=\"https:\/\/luovatriangeli.fi\/wp-content\/plugins\/wp-open-street-map\/images\/markers\/marker.png\" data-lon=\"2763040\" data-lat=\"9417840\" data-name=\"EcoArtSystem\" data-description=\"J\u00e4rjest\u00e4j\u00e4: Arina Lykova ja Christelle Mas&lt;br \/&gt;\r\nYhteisty\u00f6ss\u00e4: Oulaisten kaupungin kulttuurituottaja Anna Koivulanka ja hyvinvointikoordinaattori Jyri H\u00e4m\u00e4l\u00e4inen.&lt;br \/&gt;\r\n&lt;br \/&gt;\r\nTapahtumassa toteutettiin interaktiivinen ekotaidety\u00f6paja.\"><\/div><div class=\"marker\" data-icon=\"https:\/\/luovatriangeli.fi\/wp-content\/plugins\/wp-open-street-map\/images\/markers\/marker.png\" data-lon=\"2866320\" data-lat=\"9340470\" data-name=\"L\u00e4hde luovuuteen - taide- ja kukkapaja\" data-description=\"J\u00e4rjest\u00e4j\u00e4t: Taiteilija Sirpa&lt;br \/&gt;\r\nLehtikangas, floristi Hanna H\u00f6yhty\u00e4 ja Paakarin Pys\u00e4kki, Heidi J\u00e4rvenp\u00e4\u00e4.&lt;br \/&gt;\r\n&lt;br \/&gt;\r\nTavoitteena oli tarjota osallistujille luova, el\u00e4myksellinen ja&lt;br \/&gt;\r\nyhteis\u00f6llinen hetki, jossa floristiikka, hyv\u00e4 ruoka ja&lt;br \/&gt;\r\ntaide yhdistyiv\u00e4t.\"><\/div><div class=\"marker\" data-icon=\"https:\/\/luovatriangeli.fi\/wp-content\/plugins\/wp-open-street-map\/images\/markers\/marker.png\" data-lon=\"2867580\" data-lat=\"9345900\" data-name=\"Kaikille avoin pikkujoulu\" data-description=\"J\u00e4rjest\u00e4j\u00e4: Taideyhdistys Elsuupa ry, Paakarin Pys\u00e4kki, muusikko Jani V\u00e4\u00e4r\u00e4niemen.&lt;br \/&gt;\r\n&lt;br \/&gt;\r\nPilotin tavoitteena oli testata avointa ja&lt;br \/&gt;\r\nennakkoilmoittautumiseen perustuvaa pikkujoulukonseptia, kevyemp\u00e4\u00e4 pikkujoulumenua sek\u00e4 ohjelmallista kokonaisuutta.\"><\/div>\r\n<\/div>\n\n\n\n<p><\/p>\n","protected":false},"excerpt":{"rendered":"<p>Hankkeessa j\u00e4rjestettiin useita kulttuurimatkailun matalan kynnyksen pilotteja, joissa kulttuurin tekij\u00e4t ja paikalliset yritykset saivat kokeilla matkailua, liiketoimintaa ja kulttuurisis\u00e4lt\u00f6j\u00e4 edist\u00e4v\u00e4\u00e4 yhteistoimintaa. Lataa pilottiraportti t\u00e4st\u00e4<\/p>\n","protected":false},"author":2,"featured_media":0,"parent":0,"menu_order":0,"comment_status":"closed","ping_status":"closed","template":"","meta":{"neve_meta_sidebar":"","neve_meta_container":"","neve_meta_enable_content_width":"","neve_meta_content_width":0,"neve_meta_title_alignment":"","neve_meta_author_avatar":"","neve_post_elements_order":"","neve_meta_disable_header":"","neve_meta_disable_footer":"","neve_meta_disable_title":"","footnotes":""},"class_list":["post-990","page","type-page","status-publish","hentry"],"_links":{"self":[{"href":"https:\/\/luovatriangeli.fi\/index.php?rest_route=\/wp\/v2\/pages\/990","targetHints":{"allow":["GET"]}}],"collection":[{"href":"https:\/\/luovatriangeli.fi\/index.php?rest_route=\/wp\/v2\/pages"}],"about":[{"href":"https:\/\/luovatriangeli.fi\/index.php?rest_route=\/wp\/v2\/types\/page"}],"author":[{"embeddable":true,"href":"https:\/\/luovatriangeli.fi\/index.php?rest_route=\/wp\/v2\/users\/2"}],"replies":[{"embeddable":true,"href":"https:\/\/luovatriangeli.fi\/index.php?rest_route=%2Fwp%2Fv2%2Fcomments&post=990"}],"version-history":[{"count":3,"href":"https:\/\/luovatriangeli.fi\/index.php?rest_route=\/wp\/v2\/pages\/990\/revisions"}],"predecessor-version":[{"id":1002,"href":"https:\/\/luovatriangeli.fi\/index.php?rest_route=\/wp\/v2\/pages\/990\/revisions\/1002"}],"wp:attachment":[{"href":"https:\/\/luovatriangeli.fi\/index.php?rest_route=%2Fwp%2Fv2%2Fmedia&parent=990"}],"curies":[{"name":"wp","href":"https:\/\/api.w.org\/{rel}","templated":true}]}}