{"id":999,"date":"2026-02-05T10:44:39","date_gmt":"2026-02-05T08:44:39","guid":{"rendered":"https:\/\/luovatriangeli.fi\/?page_id=999"},"modified":"2026-02-26T11:12:47","modified_gmt":"2026-02-26T09:12:47","slug":"tietopankki","status":"publish","type":"page","link":"https:\/\/luovatriangeli.fi\/?page_id=999","title":{"rendered":"Tietopankki"},"content":{"rendered":"\n<p>Luova matkailu, kulttuurimatkailu, el\u00e4mysmatkailu, sis\u00e4lt\u00f6matkailu &#8211; rakkaalla lapsella on monta nime\u00e4. Jokainen paikka on erilainen, ja jokainen matka on omanlaisensa. T\u00e4ll\u00e4 sivulla on ker\u00e4tty eri toimijoiden ohjeita, vinkkej\u00e4 ja virallisia linjauksia miten parhaiten toteutat matkailutoimintaa edist\u00e4v\u00e4\u00e4 kulttuuri- ja liiketoimintaa. Kaikki julkaisut l\u00f6ytyv\u00e4t tekij\u00f6iden omilta verkkosivuilta.<\/p>\n\n\n\n<p>Luova Triangeli -hankkeen residenssiverkostoraportti on ladattavissa <a href=\"https:\/\/luovatriangeli.fi\/wp-content\/uploads\/2026\/02\/residenssiraportti.pdf\">t\u00e4st\u00e4<\/a>.<\/p>\n\n\n\n<p><strong>Osa allaolevista julkaisuista l\u00f6ytyy my\u00f6s n\u00e4ilt\u00e4 koontisivuilta:<\/strong><\/p>\n\n\n\n<div class=\"wp-block-columns has-small-font-size is-layout-flex wp-container-core-columns-is-layout-8b288d98 wp-block-columns-is-layout-flex\" style=\"border-style:none;border-width:0px;border-top-left-radius:0px;border-top-right-radius:0px;border-bottom-left-radius:0px;border-bottom-right-radius:0px;padding-top:0\">\n<div class=\"wp-block-column is-vertically-aligned-center has-background is-layout-flow wp-block-column-is-layout-flow\" style=\"background-color:#fde7e7\">\n<h4 class=\"wp-block-heading has-text-align-center\"><a href=\"https:\/\/www.visitfinland.fi\/matkailun-julkaisut\">Visit Finland &#8211; kaikki matkailun julkaisut<\/a><\/h4>\n<\/div>\n\n\n\n<div class=\"wp-block-column is-vertically-aligned-center has-background is-layout-flow wp-block-column-is-layout-flow\" style=\"background-color:#d2d5fa\">\n<h4 class=\"wp-block-heading has-text-align-center\"><a href=\"https:\/\/www.kulttuuriakaikille.fi\/saavutettavuus\">Kulttuuria kaikille &#8211; saavutettava matkailu<\/a><\/h4>\n<\/div>\n\n\n\n<div class=\"wp-block-column is-vertically-aligned-center has-background is-layout-flow wp-block-column-is-layout-flow\" style=\"background-color:#e2ffdb\">\n<h4 class=\"wp-block-heading has-text-align-center\"><a href=\"https:\/\/oulu2026.eu\/tietoa-meista\/materiaalit\/\">Oulu2026 &#8211; materiaalit ja oppaat<\/a><\/h4>\n<\/div>\n<\/div>\n\n\n\n<div data-wp-context=\"{ &quot;autoclose&quot;: false, &quot;accordionItems&quot;: [] }\" data-wp-interactive=\"core\/accordion\" role=\"group\" class=\"wp-block-accordion has-nv-light-bg-background-color has-background is-layout-flow wp-block-accordion-is-layout-flow\" style=\"padding-top:0;padding-right:0;padding-bottom:0;padding-left:0\">\n<div data-wp-class--is-open=\"state.isOpen\" data-wp-context=\"{ &quot;id&quot;: &quot;accordion-item-1&quot;, &quot;openByDefault&quot;: false }\" data-wp-init=\"callbacks.initAccordionItems\" data-wp-on-window--hashchange=\"callbacks.hashChange\" class=\"wp-block-accordion-item has-nv-light-bg-background-color has-background is-layout-flow wp-block-accordion-item-is-layout-flow\">\n<h3 class=\"wp-block-accordion-heading\"><button aria-expanded=\"false\" aria-controls=\"accordion-item-1-panel\" data-wp-bind--aria-expanded=\"state.isOpen\" data-wp-on--click=\"actions.toggle\" data-wp-on--keydown=\"actions.handleKeyDown\" id=\"accordion-item-1\" type=\"button\" class=\"wp-block-accordion-heading__toggle\"><span class=\"wp-block-accordion-heading__toggle-icon\" aria-hidden=\"true\">+<\/span><span class=\"wp-block-accordion-heading__toggle-title\">Euroopan komissio: Kest\u00e4v\u00e4n kulttuurimatkailun periaatteet<\/span><\/button><\/h3>\n\n\n\n<div inert aria-labelledby=\"accordion-item-1\" data-wp-bind--inert=\"!state.isOpen\" id=\"accordion-item-1-panel\" role=\"region\" class=\"wp-block-accordion-panel is-layout-flow wp-block-accordion-panel-is-layout-flow\">\n<p>Kulttuuriperinnon yll\u00e4pitoa kest\u00e4v\u00e4sti. Useita hanke-esimerkkej\u00e4 ja EU:n koordinoimat periaatteet.<\/p>\n\n\n\n<p><a href=\"https:\/\/culture.ec.europa.eu\/fi\/cultural-heritage\/cultural-heritage-in-eu-policies\/sustainable-cultural-tourism\">https:\/\/culture.ec.europa.eu\/fi\/cultural-heritage\/cultural-heritage-in-eu-policies\/sustainable-cultural-tourism<\/a><\/p>\n<\/div>\n<\/div>\n\n\n\n<div data-wp-class--is-open=\"state.isOpen\" data-wp-context=\"{ &quot;id&quot;: &quot;accordion-item-2&quot;, &quot;openByDefault&quot;: false }\" data-wp-init=\"callbacks.initAccordionItems\" data-wp-on-window--hashchange=\"callbacks.hashChange\" class=\"wp-block-accordion-item has-nv-light-bg-background-color has-background is-layout-flow wp-block-accordion-item-is-layout-flow\">\n<h3 class=\"wp-block-accordion-heading\"><button aria-expanded=\"false\" aria-controls=\"accordion-item-2-panel\" data-wp-bind--aria-expanded=\"state.isOpen\" data-wp-on--click=\"actions.toggle\" data-wp-on--keydown=\"actions.handleKeyDown\" id=\"accordion-item-2\" type=\"button\" class=\"wp-block-accordion-heading__toggle\"><span class=\"wp-block-accordion-heading__toggle-icon\" aria-hidden=\"true\">+<\/span><span class=\"wp-block-accordion-heading__toggle-title\">Kansalliset strategiat ja selvitykset<\/span><\/button><\/h3>\n\n\n\n<div inert aria-labelledby=\"accordion-item-2\" data-wp-bind--inert=\"!state.isOpen\" id=\"accordion-item-2-panel\" role=\"region\" class=\"wp-block-accordion-panel is-layout-flow wp-block-accordion-panel-is-layout-flow\">\n<p>Opetus- ja kulttuuriministeri\u00f6 edist\u00e4\u00e4 luovaa taloutta &nbsp;tukemalla tuote- ja palvelukehityst\u00e4, luovaa osaamista, vienti\u00e4 ja markkinoillep\u00e4\u00e4sy\u00e4 sek\u00e4 kulttuurimatkailua sek\u00e4 kehitt\u00e4\u00e4 luovien alojen toimijoiden verkostoitumismahdollisuuksia, kansainv\u00e4listymist\u00e4 ja kilpailukyky\u00e4. Osana t\u00e4t\u00e4 tavoitetta OKM  edist\u00e4\u00e4 kulttuurimatkailun ja kulttuurireittien kehitt\u00e4mist\u00e4. <\/p>\n\n\n\n<p><a href=\"https:\/\/okm.fi\/kulttuurimatkailu\">Kulttuurimatkailun p\u00e4\u00e4sivu \/ OKM<\/a> <\/p>\n\n\n\n<p><a href=\"https:\/\/julkaisut.valtioneuvosto.fi\/server\/api\/core\/bitstreams\/7a29ca43-877f-4ddd-bf23-b173b254a82b\/content\">Kulttuurimatkailun kansallisen kehitt\u00e4misen tiekartta (PDF)<\/a><\/p>\n\n\n\n<p><a href=\"https:\/\/julkaisut.valtioneuvosto.fi\/server\/api\/core\/bitstreams\/de461dc7-2798-4623-bf80-657de028357b\/content\">Suomen matkailustrategia ja toimenpiteet \/ TEM (PDF)<\/a><\/p>\n\n\n\n<p><a href=\"https:\/\/julkaisut.valtioneuvosto.fi\/server\/api\/core\/bitstreams\/10ed5dae-dffd-40b4-819a-520109e18672\/content\">Kest\u00e4v\u00e4n matkailun monitieteiset mittarit kulttuuriymp\u00e4rist\u00f6iss\u00e4 \/ Valtioneuvosto (PDF)<\/a><\/p>\n\n\n\n<p><a href=\"https:\/\/julkaisut.valtioneuvosto.fi\/server\/api\/core\/bitstreams\/848ff63e-f84d-4b1a-8e04-33a541bdae0e\/content\">Kulttuurimatkailun vaikuttavuusselvitys \/ OKM (PDF)<\/a><\/p>\n<\/div>\n<\/div>\n\n\n\n<div data-wp-class--is-open=\"state.isOpen\" data-wp-context=\"{ &quot;id&quot;: &quot;accordion-item-3&quot;, &quot;openByDefault&quot;: false }\" data-wp-init=\"callbacks.initAccordionItems\" data-wp-on-window--hashchange=\"callbacks.hashChange\" class=\"wp-block-accordion-item has-nv-light-bg-background-color has-background is-layout-flow wp-block-accordion-item-is-layout-flow\">\n<h3 class=\"wp-block-accordion-heading\"><button aria-expanded=\"false\" aria-controls=\"accordion-item-3-panel\" data-wp-bind--aria-expanded=\"state.isOpen\" data-wp-on--click=\"actions.toggle\" data-wp-on--keydown=\"actions.handleKeyDown\" id=\"accordion-item-3\" type=\"button\" class=\"wp-block-accordion-heading__toggle\"><span class=\"wp-block-accordion-heading__toggle-icon\" aria-hidden=\"true\">+<\/span><span class=\"wp-block-accordion-heading__toggle-title\">Kehitysyhti\u00f6iden valmennukset, oppaat ja luova talous<\/span><\/button><\/h3>\n\n\n\n<div inert aria-labelledby=\"accordion-item-3\" data-wp-bind--inert=\"!state.isOpen\" id=\"accordion-item-3-panel\" role=\"region\" class=\"wp-block-accordion-panel is-layout-flow wp-block-accordion-panel-is-layout-flow\">\n<p><a href=\"https:\/\/www.visitfinland.fi\/liiketoiminnan-kehittaminen\/tuotekehitysteemat\/kulttuurimatkailu\/culture-creators\">Luova Matka -hankkeen (2015-2018) valmennusmateriaalit \/Visit Finland<\/a><\/p>\n\n\n\n<p><a href=\"https:\/\/www.visitfinland.fi\/globalassets\/finnish-customers\/02-build-your-network\/visit-finland\/julkaisut\/yhteistyon-askeleet-matkailuun-kulttuuritoimijalle-2021.pdf\">Kulttuuritoimijan opas matkailuyhteisty\u00f6h\u00f6n \/ Visit Finland (PDF)<\/a><\/p>\n\n\n\n<p><a href=\"https:\/\/www.creativefinland.fi\/tiekartta\">Luovan talouden tiekartta \/ Creative Finland<\/a><\/p>\n\n\n\n<p><a href=\"https:\/\/www.visitfinland.fi\/4b1296\/globalassets\/visitfinland.fi\/vf-julkaisut\/2024\/inklusiivisen-matkailun-opas.pdf\">Inklusiivisen matkailun opas \/ Visit Finland (PDF)<\/a><\/p>\n\n\n\n<p><a href=\"https:\/\/www.businessfinland.fi\/globalassets\/julkaisut\/visit-finland\/tutkimukset\/2021\/vf-kulttuurimatkailun-tuotesuositukset-2021.pdf\">Kulttuurimatkailun tuotesuositukset \/ Business Finland (PDF)<\/a><\/p>\n\n\n\n<p><a href=\"https:\/\/www.businessfinland.fi\/globalassets\/finnish-customers\/02-build-your-network\/visit-finland\/julkaisut\/yhteinen-polku--opas-elavan-perinnon-vastuulliseen-matkailulliseen-tuotteistamiseen-2021.pdf\">El\u00e4v\u00e4n perinn\u00f6n vastuullinen matkailullinen tuotteistaminen \/ Business Finland ja Museovirasto (PDF)<\/a><\/p>\n\n\n\n<p><a href=\"https:\/\/www.visitfinland.fi\/liiketoiminnan-kehittaminen\/vastuullinen-matkailu\/sustainable-travel-finland\">Sustainable Travel Finland -merkki \/ Visit Finland<\/a><\/p>\n\n\n\n<p><a href=\"https:\/\/epliitto.fi\/wp-content\/uploads\/2025\/11\/EPL_Opas-kuntien-kulttuuritoiminnan-tueksi_VALMIS_WEB-1.pdf\">Opas kuntien kulttuuritoiminnan tueksi \/ Etel\u00e4-Pohjanmaan liitto (PDF)<\/a><\/p>\n<\/div>\n<\/div>\n\n\n\n<div data-wp-class--is-open=\"state.isOpen\" data-wp-context=\"{ &quot;id&quot;: &quot;accordion-item-4&quot;, &quot;openByDefault&quot;: false }\" data-wp-init=\"callbacks.initAccordionItems\" data-wp-on-window--hashchange=\"callbacks.hashChange\" class=\"wp-block-accordion-item has-nv-light-bg-background-color has-background is-layout-flow wp-block-accordion-item-is-layout-flow\">\n<h3 class=\"wp-block-accordion-heading\"><button aria-expanded=\"false\" aria-controls=\"accordion-item-4-panel\" data-wp-bind--aria-expanded=\"state.isOpen\" data-wp-on--click=\"actions.toggle\" data-wp-on--keydown=\"actions.handleKeyDown\" id=\"accordion-item-4\" type=\"button\" class=\"wp-block-accordion-heading__toggle\"><span class=\"wp-block-accordion-heading__toggle-icon\" aria-hidden=\"true\">+<\/span><span class=\"wp-block-accordion-heading__toggle-title\">Blogit ja opinn\u00e4ytety\u00f6t<\/span><\/button><\/h3>\n\n\n\n<div inert aria-labelledby=\"accordion-item-4\" data-wp-bind--inert=\"!state.isOpen\" id=\"accordion-item-4-panel\" role=\"region\" class=\"wp-block-accordion-panel is-layout-flow wp-block-accordion-panel-is-layout-flow\">\n<p><a href=\"https:\/\/www.theseus.fi\/bitstream\/handle\/10024\/343188\/2020%20TAITO%2053%20N%C3%A4k%C3%B6kulmia%20kulttuurimatkailuun.pdf\">Maija Syd\u00e4nmaanlakka: N\u00e4k\u00f6kulmia kulttuurimatkailuun (PDF)<\/a><\/p>\n\n\n\n<p><a href=\"https:\/\/matkailevattutkijat.wordpress.com\/2022\/04\/25\/matkaopas-kokemuksen-luojana-kielellinen-ulottuvuus-25-4-2022\/\">Ekaterina Ovina: Matkaopas kokemuksen luojana &#8211; kielellinen ulottuvuus<\/a><\/p>\n\n\n\n<p><a href=\"https:\/\/matkailevattutkijat.wordpress.com\/2023\/07\/11\/luova-matkailu-lapissa-11-7-2023\/\">Inka Kuljuntausta ja Pinja Hannula: Luova matkailu Lapissa<\/a><\/p>\n\n\n\n<p><a href=\"https:\/\/www.theseus.fi\/bitstream\/handle\/10024\/167805\/Havanto_Helena.pdf\">Helena Havanto: Kulttuurimatkailun kehitysaskeleita \/ Metropolia (PDF)<\/a><\/p>\n<\/div>\n<\/div>\n\n\n\n<div data-wp-class--is-open=\"state.isOpen\" data-wp-context=\"{ &quot;id&quot;: &quot;accordion-item-5&quot;, &quot;openByDefault&quot;: false }\" data-wp-init=\"callbacks.initAccordionItems\" data-wp-on-window--hashchange=\"callbacks.hashChange\" class=\"wp-block-accordion-item is-layout-flow wp-block-accordion-item-is-layout-flow\">\n<h3 class=\"wp-block-accordion-heading\"><button aria-expanded=\"false\" aria-controls=\"accordion-item-5-panel\" data-wp-bind--aria-expanded=\"state.isOpen\" data-wp-on--click=\"actions.toggle\" data-wp-on--keydown=\"actions.handleKeyDown\" id=\"accordion-item-5\" type=\"button\" class=\"wp-block-accordion-heading__toggle\"><span class=\"wp-block-accordion-heading__toggle-icon\" aria-hidden=\"true\">+<\/span><span class=\"wp-block-accordion-heading__toggle-title\">Tietokannat<\/span><\/button><\/h3>\n\n\n\n<div inert aria-labelledby=\"accordion-item-5\" data-wp-bind--inert=\"!state.isOpen\" id=\"accordion-item-5-panel\" role=\"region\" class=\"wp-block-accordion-panel is-layout-flow wp-block-accordion-panel-is-layout-flow\">\n<p><a href=\"https:\/\/www.visitfinland.fi\/liiketoiminnan-kehittaminen\/digitaalisuus\/datahub\">Visit Finland DataHub \/ Visit Finland<\/a><\/p>\n\n\n\n<p><a href=\"https:\/\/www.rky.fi\/read\/asp\/r_default.aspx\">Valtakunnallisesti merkitt\u00e4v\u00e4t rakennetut kulttuuriymp\u00e4rist\u00f6t (RKY) \/ Museovirasto<\/a><\/p>\n<\/div>\n<\/div>\n\n\n\n<div data-wp-class--is-open=\"state.isOpen\" data-wp-context=\"{ &quot;id&quot;: &quot;accordion-item-6&quot;, &quot;openByDefault&quot;: false }\" data-wp-init=\"callbacks.initAccordionItems\" data-wp-on-window--hashchange=\"callbacks.hashChange\" class=\"wp-block-accordion-item has-nv-light-bg-background-color has-background is-layout-flow wp-block-accordion-item-is-layout-flow\">\n<h3 class=\"wp-block-accordion-heading\"><button aria-expanded=\"false\" aria-controls=\"accordion-item-6-panel\" data-wp-bind--aria-expanded=\"state.isOpen\" data-wp-on--click=\"actions.toggle\" data-wp-on--keydown=\"actions.handleKeyDown\" id=\"accordion-item-6\" type=\"button\" class=\"wp-block-accordion-heading__toggle\"><span class=\"wp-block-accordion-heading__toggle-icon\" aria-hidden=\"true\">+<\/span><span class=\"wp-block-accordion-heading__toggle-title\">Verkkokurssit<\/span><\/button><\/h3>\n\n\n\n<div inert aria-labelledby=\"accordion-item-6\" data-wp-bind--inert=\"!state.isOpen\" id=\"accordion-item-6-panel\" role=\"region\" class=\"wp-block-accordion-panel is-layout-flow wp-block-accordion-panel-is-layout-flow\">\n<p><a href=\"https:\/\/wizape.com\/Suomi\/Kulttuurimatkailun-markkinointi-ja-hallinta\">Ilmainen kulttuurimatkailun verkkokurssi \/ Wizape<\/a><\/p>\n<\/div>\n<\/div>\n<\/div>\n\n\n\n<p><\/p>\n","protected":false},"excerpt":{"rendered":"<p>Luova matkailu, kulttuurimatkailu, el\u00e4mysmatkailu, sis\u00e4lt\u00f6matkailu &#8211; rakkaalla lapsella on monta nime\u00e4. Jokainen paikka on erilainen, ja jokainen matka on omanlaisensa. T\u00e4ll\u00e4 sivulla on ker\u00e4tty eri toimijoiden ohjeita, vinkkej\u00e4 ja virallisia linjauksia miten parhaiten toteutat matkailutoimintaa edist\u00e4v\u00e4\u00e4 kulttuuri- ja liiketoimintaa. Kaikki julkaisut l\u00f6ytyv\u00e4t tekij\u00f6iden omilta verkkosivuilta. Luova Triangeli -hankkeen residenssiverkostoraportti on ladattavissa t\u00e4st\u00e4. Osa allaolevista julkaisuista&hellip;&nbsp;<a href=\"https:\/\/luovatriangeli.fi\/?page_id=999\" class=\"\" rel=\"bookmark\">Read More &raquo;<span class=\"screen-reader-text\">Tietopankki<\/span><\/a><\/p>\n","protected":false},"author":2,"featured_media":0,"parent":0,"menu_order":0,"comment_status":"closed","ping_status":"closed","template":"","meta":{"neve_meta_sidebar":"","neve_meta_container":"","neve_meta_enable_content_width":"","neve_meta_content_width":0,"neve_meta_title_alignment":"","neve_meta_author_avatar":"","neve_post_elements_order":"","neve_meta_disable_header":"","neve_meta_disable_footer":"","neve_meta_disable_title":"","footnotes":""},"class_list":["post-999","page","type-page","status-publish","hentry"],"_links":{"self":[{"href":"https:\/\/luovatriangeli.fi\/index.php?rest_route=\/wp\/v2\/pages\/999","targetHints":{"allow":["GET"]}}],"collection":[{"href":"https:\/\/luovatriangeli.fi\/index.php?rest_route=\/wp\/v2\/pages"}],"about":[{"href":"https:\/\/luovatriangeli.fi\/index.php?rest_route=\/wp\/v2\/types\/page"}],"author":[{"embeddable":true,"href":"https:\/\/luovatriangeli.fi\/index.php?rest_route=\/wp\/v2\/users\/2"}],"replies":[{"embeddable":true,"href":"https:\/\/luovatriangeli.fi\/index.php?rest_route=%2Fwp%2Fv2%2Fcomments&post=999"}],"version-history":[{"count":9,"href":"https:\/\/luovatriangeli.fi\/index.php?rest_route=\/wp\/v2\/pages\/999\/revisions"}],"predecessor-version":[{"id":1018,"href":"https:\/\/luovatriangeli.fi\/index.php?rest_route=\/wp\/v2\/pages\/999\/revisions\/1018"}],"wp:attachment":[{"href":"https:\/\/luovatriangeli.fi\/index.php?rest_route=%2Fwp%2Fv2%2Fmedia&parent=999"}],"curies":[{"name":"wp","href":"https:\/\/api.w.org\/{rel}","templated":true}]}}